{"id":5,"date":"2025-02-24T09:31:19","date_gmt":"2025-02-24T12:31:19","guid":{"rendered":"https:\/\/comunicaciones.udd.cl\/ceca\/?page_id=5"},"modified":"2025-02-26T12:40:27","modified_gmt":"2025-02-26T15:40:27","slug":"centro-de-estudios-de-comunicacion-aplicada-ceca","status":"publish","type":"page","link":"https:\/\/comunicaciones.udd.cl\/ceca\/centro-de-estudios-de-comunicacion-aplicada-ceca\/","title":{"rendered":"Centro de Estudios de Comunicaci\u00f3n Aplicada CECA\u00a0"},"content":{"rendered":"\n<figure class=\"wp-block-image size-large\"><img loading=\"lazy\" decoding=\"async\" width=\"1024\" height=\"658\" src=\"https:\/\/comunicaciones.udd.cl\/ceca\/files\/2025\/02\/equipo_comunicaciones_vst-2538-1024x658.jpg\" alt=\"\" class=\"wp-image-82\" srcset=\"https:\/\/comunicaciones.udd.cl\/ceca\/files\/2025\/02\/equipo_comunicaciones_vst-2538-1024x658.jpg 1024w, https:\/\/comunicaciones.udd.cl\/ceca\/files\/2025\/02\/equipo_comunicaciones_vst-2538-300x193.jpg 300w, https:\/\/comunicaciones.udd.cl\/ceca\/files\/2025\/02\/equipo_comunicaciones_vst-2538-768x493.jpg 768w, https:\/\/comunicaciones.udd.cl\/ceca\/files\/2025\/02\/equipo_comunicaciones_vst-2538-1536x987.jpg 1536w, https:\/\/comunicaciones.udd.cl\/ceca\/files\/2025\/02\/equipo_comunicaciones_vst-2538-2048x1315.jpg 2048w\" sizes=\"auto, (max-width: 1024px) 100vw, 1024px\" \/><\/figure>\n\n\n\n<p>El Centro de Estudios de Comunicaci\u00f3n Aplicada CECA surge en la Facultad de Comunicaciones UDD, atendiendo la necesidad de hacer ciencia en el campo de la comunicaci\u00f3n. <\/p>\n\n\n\n<p>Busca implementar proyectos de investigaci\u00f3n y desarrollo interdisciplinario, diagn\u00f3sticos, planes, dise\u00f1os de pol\u00edticas p\u00fablicas, y recomendaciones entre universidades, organizaciones u organismos p\u00fablicos o privados para transferencia de conocimientos. <\/p>\n\n\n\n<p>Entiende la complejidad del entorno digital en el marco de sus l\u00edneas de investigaci\u00f3n: Alfabetizaci\u00f3n medi\u00e1tica, informacional y digital, Estudios de g\u00e9nero e interculturalidad, \u00c9tica period\u00edstica, sistemas de&nbsp;<em>accountability&nbsp;<\/em>en los medios, derecho a la informaci\u00f3n, desinformaci\u00f3n, libertad de expresi\u00f3n y pluralismo en los medios, as\u00ed como los estudios de audiovisualidad y pensamiento creativo. <\/p>\n\n\n\n<p>Se propone contribuir al estudio y divulgaci\u00f3n de la comunicaci\u00f3n cient\u00edfica y aplicada, a trav\u00e9s de l\u00edneas de estudio definidas, el trabajo colaborativo con equipos de investigaci\u00f3n nacionales e internacionales, junto a la divulgaci\u00f3n de resultados en revistas acad\u00e9micas con indicadores de impacto, congresos y en medios de comunicaci\u00f3n.&nbsp;<\/p>\n","protected":false},"excerpt":{"rendered":"<p>El Centro de Estudios de Comunicaci\u00f3n Aplicada CECA surge en la Facultad de Comunicaciones UDD, atendiendo la necesidad de hacer ciencia en el campo de la comunicaci\u00f3n. Busca implementar proyectos de investigaci\u00f3n y desarrollo interdisciplinario, diagn\u00f3sticos, planes, dise\u00f1os de pol\u00edticas p\u00fablicas, y recomendaciones entre universidades, organizaciones u organismos p\u00fablicos o privados para transferencia de conocimientos. [&hellip;]<\/p>\n","protected":false},"author":21,"featured_media":7,"parent":0,"menu_order":0,"comment_status":"closed","ping_status":"closed","template":"","meta":{"footnotes":""},"class_list":["post-5","page","type-page","status-publish","has-post-thumbnail","hentry"],"yoast_head":"<!-- This site is optimized with the Yoast SEO plugin v26.9 - https:\/\/yoast.com\/product\/yoast-seo-wordpress\/ -->\n<title>Centro de Estudios de Comunicaci\u00f3n Aplicada CECA\u00a0 - CECA - Facultad de Comunicaciones UDD<\/title>\n<meta name=\"robots\" content=\"index, follow, max-snippet:-1, max-image-preview:large, max-video-preview:-1\" \/>\n<link rel=\"canonical\" href=\"https:\/\/comunicaciones.udd.cl\/ceca\/centro-de-estudios-de-comunicacion-aplicada-ceca\/\" \/>\n<meta property=\"og:locale\" content=\"es_ES\" \/>\n<meta property=\"og:type\" content=\"article\" \/>\n<meta property=\"og:title\" content=\"Centro de Estudios de Comunicaci\u00f3n Aplicada CECA\u00a0 - CECA - Facultad de Comunicaciones UDD\" \/>\n<meta property=\"og:description\" content=\"El Centro de Estudios de Comunicaci\u00f3n Aplicada CECA surge en la Facultad de Comunicaciones UDD, atendiendo la necesidad de hacer ciencia en el campo de la comunicaci\u00f3n. Busca implementar proyectos de investigaci\u00f3n y desarrollo interdisciplinario, diagn\u00f3sticos, planes, dise\u00f1os de pol\u00edticas p\u00fablicas, y recomendaciones entre universidades, organizaciones u organismos p\u00fablicos o privados para transferencia de conocimientos. [&hellip;]\" \/>\n<meta property=\"og:url\" content=\"https:\/\/comunicaciones.udd.cl\/ceca\/centro-de-estudios-de-comunicacion-aplicada-ceca\/\" \/>\n<meta property=\"og:site_name\" content=\"CECA - Facultad de Comunicaciones UDD\" \/>\n<meta property=\"article:modified_time\" content=\"2025-02-26T15:40:27+00:00\" \/>\n<meta property=\"og:image\" content=\"https:\/\/comunicaciones.udd.cl\/ceca\/files\/2025\/02\/a18802c7-8a39-4ad3-aa18-143971d08155.jpg\" \/>\n\t<meta property=\"og:image:width\" content=\"1600\" \/>\n\t<meta property=\"og:image:height\" content=\"900\" \/>\n\t<meta property=\"og:image:type\" content=\"image\/jpeg\" \/>\n<meta name=\"twitter:card\" content=\"summary_large_image\" \/>\n<meta name=\"twitter:label1\" content=\"Tiempo de lectura\" \/>\n\t<meta name=\"twitter:data1\" content=\"2 minutos\" \/>\n<script type=\"application\/ld+json\" class=\"yoast-schema-graph\">{\"@context\":\"https:\/\/schema.org\",\"@graph\":[{\"@type\":\"WebPage\",\"@id\":\"https:\/\/comunicaciones.udd.cl\/ceca\/centro-de-estudios-de-comunicacion-aplicada-ceca\/\",\"url\":\"https:\/\/comunicaciones.udd.cl\/ceca\/centro-de-estudios-de-comunicacion-aplicada-ceca\/\",\"name\":\"Centro de Estudios de Comunicaci\u00f3n Aplicada CECA\u00a0 - CECA - Facultad de Comunicaciones UDD\",\"isPartOf\":{\"@id\":\"https:\/\/comunicaciones.udd.cl\/ceca\/#website\"},\"primaryImageOfPage\":{\"@id\":\"https:\/\/comunicaciones.udd.cl\/ceca\/centro-de-estudios-de-comunicacion-aplicada-ceca\/#primaryimage\"},\"image\":{\"@id\":\"https:\/\/comunicaciones.udd.cl\/ceca\/centro-de-estudios-de-comunicacion-aplicada-ceca\/#primaryimage\"},\"thumbnailUrl\":\"https:\/\/comunicaciones.udd.cl\/ceca\/files\/2025\/02\/a18802c7-8a39-4ad3-aa18-143971d08155.jpg\",\"datePublished\":\"2025-02-24T12:31:19+00:00\",\"dateModified\":\"2025-02-26T15:40:27+00:00\",\"breadcrumb\":{\"@id\":\"https:\/\/comunicaciones.udd.cl\/ceca\/centro-de-estudios-de-comunicacion-aplicada-ceca\/#breadcrumb\"},\"inLanguage\":\"es\",\"potentialAction\":[{\"@type\":\"ReadAction\",\"target\":[\"https:\/\/comunicaciones.udd.cl\/ceca\/centro-de-estudios-de-comunicacion-aplicada-ceca\/\"]}]},{\"@type\":\"ImageObject\",\"inLanguage\":\"es\",\"@id\":\"https:\/\/comunicaciones.udd.cl\/ceca\/centro-de-estudios-de-comunicacion-aplicada-ceca\/#primaryimage\",\"url\":\"https:\/\/comunicaciones.udd.cl\/ceca\/files\/2025\/02\/a18802c7-8a39-4ad3-aa18-143971d08155.jpg\",\"contentUrl\":\"https:\/\/comunicaciones.udd.cl\/ceca\/files\/2025\/02\/a18802c7-8a39-4ad3-aa18-143971d08155.jpg\",\"width\":1600,\"height\":900},{\"@type\":\"BreadcrumbList\",\"@id\":\"https:\/\/comunicaciones.udd.cl\/ceca\/centro-de-estudios-de-comunicacion-aplicada-ceca\/#breadcrumb\",\"itemListElement\":[{\"@type\":\"ListItem\",\"position\":1,\"name\":\"Portada\",\"item\":\"https:\/\/comunicaciones.udd.cl\/ceca\/\"},{\"@type\":\"ListItem\",\"position\":2,\"name\":\"Centro de Estudios de Comunicaci\u00f3n Aplicada CECA\u00a0\"}]},{\"@type\":\"WebSite\",\"@id\":\"https:\/\/comunicaciones.udd.cl\/ceca\/#website\",\"url\":\"https:\/\/comunicaciones.udd.cl\/ceca\/\",\"name\":\"CECA - Facultad de Comunicaciones UDD\",\"description\":\"\",\"inLanguage\":\"es\"}]}<\/script>\n<!-- \/ Yoast SEO plugin. -->","yoast_head_json":{"title":"Centro de Estudios de Comunicaci\u00f3n Aplicada CECA\u00a0 - CECA - Facultad de Comunicaciones UDD","robots":{"index":"index","follow":"follow","max-snippet":"max-snippet:-1","max-image-preview":"max-image-preview:large","max-video-preview":"max-video-preview:-1"},"canonical":"https:\/\/comunicaciones.udd.cl\/ceca\/centro-de-estudios-de-comunicacion-aplicada-ceca\/","og_locale":"es_ES","og_type":"article","og_title":"Centro de Estudios de Comunicaci\u00f3n Aplicada CECA\u00a0 - CECA - Facultad de Comunicaciones UDD","og_description":"El Centro de Estudios de Comunicaci\u00f3n Aplicada CECA surge en la Facultad de Comunicaciones UDD, atendiendo la necesidad de hacer ciencia en el campo de la comunicaci\u00f3n. Busca implementar proyectos de investigaci\u00f3n y desarrollo interdisciplinario, diagn\u00f3sticos, planes, dise\u00f1os de pol\u00edticas p\u00fablicas, y recomendaciones entre universidades, organizaciones u organismos p\u00fablicos o privados para transferencia de conocimientos. [&hellip;]","og_url":"https:\/\/comunicaciones.udd.cl\/ceca\/centro-de-estudios-de-comunicacion-aplicada-ceca\/","og_site_name":"CECA - Facultad de Comunicaciones UDD","article_modified_time":"2025-02-26T15:40:27+00:00","og_image":[{"width":1600,"height":900,"url":"https:\/\/comunicaciones.udd.cl\/ceca\/files\/2025\/02\/a18802c7-8a39-4ad3-aa18-143971d08155.jpg","type":"image\/jpeg"}],"twitter_card":"summary_large_image","twitter_misc":{"Tiempo de lectura":"2 minutos"},"schema":{"@context":"https:\/\/schema.org","@graph":[{"@type":"WebPage","@id":"https:\/\/comunicaciones.udd.cl\/ceca\/centro-de-estudios-de-comunicacion-aplicada-ceca\/","url":"https:\/\/comunicaciones.udd.cl\/ceca\/centro-de-estudios-de-comunicacion-aplicada-ceca\/","name":"Centro de Estudios de Comunicaci\u00f3n Aplicada CECA\u00a0 - CECA - Facultad de Comunicaciones UDD","isPartOf":{"@id":"https:\/\/comunicaciones.udd.cl\/ceca\/#website"},"primaryImageOfPage":{"@id":"https:\/\/comunicaciones.udd.cl\/ceca\/centro-de-estudios-de-comunicacion-aplicada-ceca\/#primaryimage"},"image":{"@id":"https:\/\/comunicaciones.udd.cl\/ceca\/centro-de-estudios-de-comunicacion-aplicada-ceca\/#primaryimage"},"thumbnailUrl":"https:\/\/comunicaciones.udd.cl\/ceca\/files\/2025\/02\/a18802c7-8a39-4ad3-aa18-143971d08155.jpg","datePublished":"2025-02-24T12:31:19+00:00","dateModified":"2025-02-26T15:40:27+00:00","breadcrumb":{"@id":"https:\/\/comunicaciones.udd.cl\/ceca\/centro-de-estudios-de-comunicacion-aplicada-ceca\/#breadcrumb"},"inLanguage":"es","potentialAction":[{"@type":"ReadAction","target":["https:\/\/comunicaciones.udd.cl\/ceca\/centro-de-estudios-de-comunicacion-aplicada-ceca\/"]}]},{"@type":"ImageObject","inLanguage":"es","@id":"https:\/\/comunicaciones.udd.cl\/ceca\/centro-de-estudios-de-comunicacion-aplicada-ceca\/#primaryimage","url":"https:\/\/comunicaciones.udd.cl\/ceca\/files\/2025\/02\/a18802c7-8a39-4ad3-aa18-143971d08155.jpg","contentUrl":"https:\/\/comunicaciones.udd.cl\/ceca\/files\/2025\/02\/a18802c7-8a39-4ad3-aa18-143971d08155.jpg","width":1600,"height":900},{"@type":"BreadcrumbList","@id":"https:\/\/comunicaciones.udd.cl\/ceca\/centro-de-estudios-de-comunicacion-aplicada-ceca\/#breadcrumb","itemListElement":[{"@type":"ListItem","position":1,"name":"Portada","item":"https:\/\/comunicaciones.udd.cl\/ceca\/"},{"@type":"ListItem","position":2,"name":"Centro de Estudios de Comunicaci\u00f3n Aplicada CECA\u00a0"}]},{"@type":"WebSite","@id":"https:\/\/comunicaciones.udd.cl\/ceca\/#website","url":"https:\/\/comunicaciones.udd.cl\/ceca\/","name":"CECA - Facultad de Comunicaciones UDD","description":"","inLanguage":"es"}]}},"_links":{"self":[{"href":"https:\/\/comunicaciones.udd.cl\/ceca\/wp-json\/wp\/v2\/pages\/5","targetHints":{"allow":["GET"]}}],"collection":[{"href":"https:\/\/comunicaciones.udd.cl\/ceca\/wp-json\/wp\/v2\/pages"}],"about":[{"href":"https:\/\/comunicaciones.udd.cl\/ceca\/wp-json\/wp\/v2\/types\/page"}],"author":[{"embeddable":true,"href":"https:\/\/comunicaciones.udd.cl\/ceca\/wp-json\/wp\/v2\/users\/21"}],"replies":[{"embeddable":true,"href":"https:\/\/comunicaciones.udd.cl\/ceca\/wp-json\/wp\/v2\/comments?post=5"}],"version-history":[{"count":2,"href":"https:\/\/comunicaciones.udd.cl\/ceca\/wp-json\/wp\/v2\/pages\/5\/revisions"}],"predecessor-version":[{"id":83,"href":"https:\/\/comunicaciones.udd.cl\/ceca\/wp-json\/wp\/v2\/pages\/5\/revisions\/83"}],"wp:featuredmedia":[{"embeddable":true,"href":"https:\/\/comunicaciones.udd.cl\/ceca\/wp-json\/wp\/v2\/media\/7"}],"wp:attachment":[{"href":"https:\/\/comunicaciones.udd.cl\/ceca\/wp-json\/wp\/v2\/media?parent=5"}],"curies":[{"name":"wp","href":"https:\/\/api.w.org\/{rel}","templated":true}]}}