{"id":19,"date":"2025-02-24T10:22:32","date_gmt":"2025-02-24T13:22:32","guid":{"rendered":"https:\/\/comunicaciones.udd.cl\/ceca\/?page_id=19"},"modified":"2025-04-07T09:10:08","modified_gmt":"2025-04-07T13:10:08","slug":"difusion","status":"publish","type":"page","link":"https:\/\/comunicaciones.udd.cl\/ceca\/difusion\/","title":{"rendered":"Difusi\u00f3n"},"content":{"rendered":"\n<ul class=\"wp-block-list\">\n<li>C\u00e1tedra Desantes 2024. Acad\u00e9mico, fil\u00f3sofo y jurista espa\u00f1ol, quien destac\u00f3 por sus aportes en \u00e9tica, filosof\u00eda del derecho y derecho a la informaci\u00f3n.<\/li>\n\n\n\n<li>Seminario Internacional de Procesos electorales UDD 2024<\/li>\n\n\n\n<li>Desinformaci\u00f3n y marcos regulatorios en Am\u00e9rica Latina.<\/li>\n\n\n\n<li>III Congreso Internacional de Ciberseguridad y Elecciones. Facultad de Ciencias de la Informaci\u00f3n. Universidad Complutense de Madrid y Congreso de Espa\u00f1a 2023<\/li>\n\n\n\n<li><em>Ending Impunity for Attacks on Journalists International Virtual SymposiumSponsored by Communication Law &amp; Policy and the Brigham Young University School of Communications.\u00a0November 18, 2022<\/em><\/li>\n\n\n\n<li>Seminario internacional sobre desinformaci\u00f3n y libertad de expresi\u00f3n ANP y Facultad de Comunicaciones Pontificia Universidad Cat\u00f3lica PUC. Tema: Regulaci\u00f3n y combate a la desinformaci\u00f3n (14 de diciembre 2022)<\/li>\n\n\n\n<li>Cumbre de Periodismo (anual). Organizado por la carrera de Periodismo y Comunicaci\u00f3n con tem\u00e1ticas actuales y relevantes que presentan desaf\u00edos en las diferentes \u00e1reas de la comunicaci\u00f3n aplicada<\/li>\n<\/ul>\n\n\n\n<p><\/p>\n\n\n\n<figure class=\"wp-block-image size-full\"><img loading=\"lazy\" decoding=\"async\" width=\"989\" height=\"652\" src=\"https:\/\/comunicaciones.udd.cl\/ceca\/files\/2025\/03\/difusion-1.png\" alt=\"\" class=\"wp-image-100\" srcset=\"https:\/\/comunicaciones.udd.cl\/ceca\/files\/2025\/03\/difusion-1.png 989w, https:\/\/comunicaciones.udd.cl\/ceca\/files\/2025\/03\/difusion-1-300x198.png 300w, https:\/\/comunicaciones.udd.cl\/ceca\/files\/2025\/03\/difusion-1-768x506.png 768w\" sizes=\"auto, (max-width: 989px) 100vw, 989px\" \/><\/figure>\n","protected":false},"excerpt":{"rendered":"","protected":false},"author":21,"featured_media":0,"parent":0,"menu_order":0,"comment_status":"closed","ping_status":"closed","template":"","meta":{"footnotes":""},"class_list":["post-19","page","type-page","status-publish","hentry"],"yoast_head":"<!-- This site is optimized with the Yoast SEO plugin v26.9 - https:\/\/yoast.com\/product\/yoast-seo-wordpress\/ -->\n<title>Difusi\u00f3n - CECA - Facultad de Comunicaciones UDD<\/title>\n<meta name=\"robots\" content=\"index, follow, max-snippet:-1, max-image-preview:large, max-video-preview:-1\" \/>\n<link rel=\"canonical\" href=\"https:\/\/comunicaciones.udd.cl\/ceca\/difusion\/\" \/>\n<meta property=\"og:locale\" content=\"es_ES\" \/>\n<meta property=\"og:type\" content=\"article\" \/>\n<meta property=\"og:title\" content=\"Difusi\u00f3n - CECA - Facultad de Comunicaciones UDD\" \/>\n<meta property=\"og:url\" content=\"https:\/\/comunicaciones.udd.cl\/ceca\/difusion\/\" \/>\n<meta property=\"og:site_name\" content=\"CECA - Facultad de Comunicaciones UDD\" \/>\n<meta property=\"article:modified_time\" content=\"2025-04-07T13:10:08+00:00\" \/>\n<meta property=\"og:image\" content=\"https:\/\/comunicaciones.udd.cl\/ceca\/files\/2025\/03\/difusion-1.png\" \/>\n<meta name=\"twitter:card\" content=\"summary_large_image\" \/>\n<meta name=\"twitter:label1\" content=\"Tiempo de lectura\" \/>\n\t<meta name=\"twitter:data1\" content=\"1 minuto\" \/>\n<script type=\"application\/ld+json\" class=\"yoast-schema-graph\">{\"@context\":\"https:\/\/schema.org\",\"@graph\":[{\"@type\":\"WebPage\",\"@id\":\"https:\/\/comunicaciones.udd.cl\/ceca\/difusion\/\",\"url\":\"https:\/\/comunicaciones.udd.cl\/ceca\/difusion\/\",\"name\":\"Difusi\u00f3n - CECA - Facultad de Comunicaciones UDD\",\"isPartOf\":{\"@id\":\"https:\/\/comunicaciones.udd.cl\/ceca\/#website\"},\"primaryImageOfPage\":{\"@id\":\"https:\/\/comunicaciones.udd.cl\/ceca\/difusion\/#primaryimage\"},\"image\":{\"@id\":\"https:\/\/comunicaciones.udd.cl\/ceca\/difusion\/#primaryimage\"},\"thumbnailUrl\":\"https:\/\/comunicaciones.udd.cl\/ceca\/files\/2025\/03\/difusion-1.png\",\"datePublished\":\"2025-02-24T13:22:32+00:00\",\"dateModified\":\"2025-04-07T13:10:08+00:00\",\"breadcrumb\":{\"@id\":\"https:\/\/comunicaciones.udd.cl\/ceca\/difusion\/#breadcrumb\"},\"inLanguage\":\"es\",\"potentialAction\":[{\"@type\":\"ReadAction\",\"target\":[\"https:\/\/comunicaciones.udd.cl\/ceca\/difusion\/\"]}]},{\"@type\":\"ImageObject\",\"inLanguage\":\"es\",\"@id\":\"https:\/\/comunicaciones.udd.cl\/ceca\/difusion\/#primaryimage\",\"url\":\"https:\/\/comunicaciones.udd.cl\/ceca\/files\/2025\/03\/difusion-1.png\",\"contentUrl\":\"https:\/\/comunicaciones.udd.cl\/ceca\/files\/2025\/03\/difusion-1.png\",\"width\":989,\"height\":652},{\"@type\":\"BreadcrumbList\",\"@id\":\"https:\/\/comunicaciones.udd.cl\/ceca\/difusion\/#breadcrumb\",\"itemListElement\":[{\"@type\":\"ListItem\",\"position\":1,\"name\":\"Portada\",\"item\":\"https:\/\/comunicaciones.udd.cl\/ceca\/\"},{\"@type\":\"ListItem\",\"position\":2,\"name\":\"Difusi\u00f3n\"}]},{\"@type\":\"WebSite\",\"@id\":\"https:\/\/comunicaciones.udd.cl\/ceca\/#website\",\"url\":\"https:\/\/comunicaciones.udd.cl\/ceca\/\",\"name\":\"CECA - Facultad de Comunicaciones UDD\",\"description\":\"\",\"inLanguage\":\"es\"}]}<\/script>\n<!-- \/ Yoast SEO plugin. -->","yoast_head_json":{"title":"Difusi\u00f3n - CECA - Facultad de Comunicaciones UDD","robots":{"index":"index","follow":"follow","max-snippet":"max-snippet:-1","max-image-preview":"max-image-preview:large","max-video-preview":"max-video-preview:-1"},"canonical":"https:\/\/comunicaciones.udd.cl\/ceca\/difusion\/","og_locale":"es_ES","og_type":"article","og_title":"Difusi\u00f3n - CECA - Facultad de Comunicaciones UDD","og_url":"https:\/\/comunicaciones.udd.cl\/ceca\/difusion\/","og_site_name":"CECA - Facultad de Comunicaciones UDD","article_modified_time":"2025-04-07T13:10:08+00:00","og_image":[{"url":"https:\/\/comunicaciones.udd.cl\/ceca\/files\/2025\/03\/difusion-1.png","type":"","width":"","height":""}],"twitter_card":"summary_large_image","twitter_misc":{"Tiempo de lectura":"1 minuto"},"schema":{"@context":"https:\/\/schema.org","@graph":[{"@type":"WebPage","@id":"https:\/\/comunicaciones.udd.cl\/ceca\/difusion\/","url":"https:\/\/comunicaciones.udd.cl\/ceca\/difusion\/","name":"Difusi\u00f3n - CECA - Facultad de Comunicaciones UDD","isPartOf":{"@id":"https:\/\/comunicaciones.udd.cl\/ceca\/#website"},"primaryImageOfPage":{"@id":"https:\/\/comunicaciones.udd.cl\/ceca\/difusion\/#primaryimage"},"image":{"@id":"https:\/\/comunicaciones.udd.cl\/ceca\/difusion\/#primaryimage"},"thumbnailUrl":"https:\/\/comunicaciones.udd.cl\/ceca\/files\/2025\/03\/difusion-1.png","datePublished":"2025-02-24T13:22:32+00:00","dateModified":"2025-04-07T13:10:08+00:00","breadcrumb":{"@id":"https:\/\/comunicaciones.udd.cl\/ceca\/difusion\/#breadcrumb"},"inLanguage":"es","potentialAction":[{"@type":"ReadAction","target":["https:\/\/comunicaciones.udd.cl\/ceca\/difusion\/"]}]},{"@type":"ImageObject","inLanguage":"es","@id":"https:\/\/comunicaciones.udd.cl\/ceca\/difusion\/#primaryimage","url":"https:\/\/comunicaciones.udd.cl\/ceca\/files\/2025\/03\/difusion-1.png","contentUrl":"https:\/\/comunicaciones.udd.cl\/ceca\/files\/2025\/03\/difusion-1.png","width":989,"height":652},{"@type":"BreadcrumbList","@id":"https:\/\/comunicaciones.udd.cl\/ceca\/difusion\/#breadcrumb","itemListElement":[{"@type":"ListItem","position":1,"name":"Portada","item":"https:\/\/comunicaciones.udd.cl\/ceca\/"},{"@type":"ListItem","position":2,"name":"Difusi\u00f3n"}]},{"@type":"WebSite","@id":"https:\/\/comunicaciones.udd.cl\/ceca\/#website","url":"https:\/\/comunicaciones.udd.cl\/ceca\/","name":"CECA - Facultad de Comunicaciones UDD","description":"","inLanguage":"es"}]}},"_links":{"self":[{"href":"https:\/\/comunicaciones.udd.cl\/ceca\/wp-json\/wp\/v2\/pages\/19","targetHints":{"allow":["GET"]}}],"collection":[{"href":"https:\/\/comunicaciones.udd.cl\/ceca\/wp-json\/wp\/v2\/pages"}],"about":[{"href":"https:\/\/comunicaciones.udd.cl\/ceca\/wp-json\/wp\/v2\/types\/page"}],"author":[{"embeddable":true,"href":"https:\/\/comunicaciones.udd.cl\/ceca\/wp-json\/wp\/v2\/users\/21"}],"replies":[{"embeddable":true,"href":"https:\/\/comunicaciones.udd.cl\/ceca\/wp-json\/wp\/v2\/comments?post=19"}],"version-history":[{"count":4,"href":"https:\/\/comunicaciones.udd.cl\/ceca\/wp-json\/wp\/v2\/pages\/19\/revisions"}],"predecessor-version":[{"id":291,"href":"https:\/\/comunicaciones.udd.cl\/ceca\/wp-json\/wp\/v2\/pages\/19\/revisions\/291"}],"wp:attachment":[{"href":"https:\/\/comunicaciones.udd.cl\/ceca\/wp-json\/wp\/v2\/media?parent=19"}],"curies":[{"name":"wp","href":"https:\/\/api.w.org\/{rel}","templated":true}]}}