{"id":149,"date":"2025-03-12T12:40:27","date_gmt":"2025-03-12T15:40:27","guid":{"rendered":"https:\/\/comunicaciones.udd.cl\/ceca\/?page_id=149"},"modified":"2025-03-12T12:40:27","modified_gmt":"2025-03-12T15:40:27","slug":"objetivos","status":"publish","type":"page","link":"https:\/\/comunicaciones.udd.cl\/ceca\/objetivos\/","title":{"rendered":"Objetivos"},"content":{"rendered":"\n<p><\/p>\n\n\n\n<figure class=\"wp-block-image alignright size-large is-resized\"><img loading=\"lazy\" decoding=\"async\" width=\"1024\" height=\"683\" src=\"https:\/\/comunicaciones.udd.cl\/ceca\/files\/2025\/03\/pexels-karolina-grabowska-7320381-1024x683.jpg\" alt=\"\" class=\"wp-image-151\" style=\"width:614px;height:auto\" srcset=\"https:\/\/comunicaciones.udd.cl\/ceca\/files\/2025\/03\/pexels-karolina-grabowska-7320381-1024x683.jpg 1024w, https:\/\/comunicaciones.udd.cl\/ceca\/files\/2025\/03\/pexels-karolina-grabowska-7320381-300x200.jpg 300w, https:\/\/comunicaciones.udd.cl\/ceca\/files\/2025\/03\/pexels-karolina-grabowska-7320381-768x512.jpg 768w, https:\/\/comunicaciones.udd.cl\/ceca\/files\/2025\/03\/pexels-karolina-grabowska-7320381-1536x1024.jpg 1536w, https:\/\/comunicaciones.udd.cl\/ceca\/files\/2025\/03\/pexels-karolina-grabowska-7320381-2048x1365.jpg 2048w\" sizes=\"auto, (max-width: 1024px) 100vw, 1024px\" \/><\/figure>\n\n\n\n<ul class=\"wp-block-list\">\n<li>Estudiar procesos y fen\u00f3menos de la comunicaci\u00f3n en todas sus dimensiones. <\/li>\n\n\n\n<li>Generar conocimiento, as\u00ed como la creaci\u00f3n y difusi\u00f3n de estudios e investigaciones con impacto y transferencia incorporando a estudiantes de pregrado y postgrado.<\/li>\n\n\n\n<li>Impulsar la investigaci\u00f3n cient\u00edfica en las ciencias de la comunicaci\u00f3n planteando soluciones a problemas sociales concretos. <\/li>\n\n\n\n<li>Publicar libros, art\u00edculos cient\u00edficos y otros estudios complementarios con mediciones de otro tipo de impactos. <\/li>\n\n\n\n<li>Promover e incentivar la creaci\u00f3n art\u00edstica como un componente de la productividad acad\u00e9mica. <\/li>\n<\/ul>\n","protected":false},"excerpt":{"rendered":"","protected":false},"author":9192258,"featured_media":0,"parent":0,"menu_order":0,"comment_status":"closed","ping_status":"closed","template":"","meta":{"footnotes":""},"class_list":["post-149","page","type-page","status-publish","hentry"],"yoast_head":"<!-- This site is optimized with the Yoast SEO plugin v26.9 - https:\/\/yoast.com\/product\/yoast-seo-wordpress\/ -->\n<title>Objetivos - CECA - Facultad de Comunicaciones UDD<\/title>\n<meta name=\"robots\" content=\"index, follow, max-snippet:-1, max-image-preview:large, max-video-preview:-1\" \/>\n<link rel=\"canonical\" href=\"https:\/\/comunicaciones.udd.cl\/ceca\/objetivos\/\" \/>\n<meta property=\"og:locale\" content=\"es_ES\" \/>\n<meta property=\"og:type\" content=\"article\" \/>\n<meta property=\"og:title\" content=\"Objetivos - CECA - Facultad de Comunicaciones UDD\" \/>\n<meta property=\"og:url\" content=\"https:\/\/comunicaciones.udd.cl\/ceca\/objetivos\/\" \/>\n<meta property=\"og:site_name\" content=\"CECA - Facultad de Comunicaciones UDD\" \/>\n<meta property=\"og:image\" content=\"https:\/\/comunicaciones.udd.cl\/ceca\/files\/2025\/03\/pexels-karolina-grabowska-7320381-1024x683.jpg\" \/>\n<meta name=\"twitter:card\" content=\"summary_large_image\" \/>\n<meta name=\"twitter:label1\" content=\"Tiempo de lectura\" \/>\n\t<meta name=\"twitter:data1\" content=\"1 minuto\" \/>\n<script type=\"application\/ld+json\" class=\"yoast-schema-graph\">{\"@context\":\"https:\/\/schema.org\",\"@graph\":[{\"@type\":\"WebPage\",\"@id\":\"https:\/\/comunicaciones.udd.cl\/ceca\/objetivos\/\",\"url\":\"https:\/\/comunicaciones.udd.cl\/ceca\/objetivos\/\",\"name\":\"Objetivos - CECA - Facultad de Comunicaciones UDD\",\"isPartOf\":{\"@id\":\"https:\/\/comunicaciones.udd.cl\/ceca\/#website\"},\"primaryImageOfPage\":{\"@id\":\"https:\/\/comunicaciones.udd.cl\/ceca\/objetivos\/#primaryimage\"},\"image\":{\"@id\":\"https:\/\/comunicaciones.udd.cl\/ceca\/objetivos\/#primaryimage\"},\"thumbnailUrl\":\"https:\/\/comunicaciones.udd.cl\/ceca\/files\/2025\/03\/pexels-karolina-grabowska-7320381-1024x683.jpg\",\"datePublished\":\"2025-03-12T15:40:27+00:00\",\"breadcrumb\":{\"@id\":\"https:\/\/comunicaciones.udd.cl\/ceca\/objetivos\/#breadcrumb\"},\"inLanguage\":\"es\",\"potentialAction\":[{\"@type\":\"ReadAction\",\"target\":[\"https:\/\/comunicaciones.udd.cl\/ceca\/objetivos\/\"]}]},{\"@type\":\"ImageObject\",\"inLanguage\":\"es\",\"@id\":\"https:\/\/comunicaciones.udd.cl\/ceca\/objetivos\/#primaryimage\",\"url\":\"https:\/\/comunicaciones.udd.cl\/ceca\/files\/2025\/03\/pexels-karolina-grabowska-7320381-scaled.jpg\",\"contentUrl\":\"https:\/\/comunicaciones.udd.cl\/ceca\/files\/2025\/03\/pexels-karolina-grabowska-7320381-scaled.jpg\",\"width\":2560,\"height\":1707},{\"@type\":\"BreadcrumbList\",\"@id\":\"https:\/\/comunicaciones.udd.cl\/ceca\/objetivos\/#breadcrumb\",\"itemListElement\":[{\"@type\":\"ListItem\",\"position\":1,\"name\":\"Portada\",\"item\":\"https:\/\/comunicaciones.udd.cl\/ceca\/\"},{\"@type\":\"ListItem\",\"position\":2,\"name\":\"Objetivos\"}]},{\"@type\":\"WebSite\",\"@id\":\"https:\/\/comunicaciones.udd.cl\/ceca\/#website\",\"url\":\"https:\/\/comunicaciones.udd.cl\/ceca\/\",\"name\":\"CECA - Facultad de Comunicaciones UDD\",\"description\":\"\",\"inLanguage\":\"es\"}]}<\/script>\n<!-- \/ Yoast SEO plugin. -->","yoast_head_json":{"title":"Objetivos - CECA - Facultad de Comunicaciones UDD","robots":{"index":"index","follow":"follow","max-snippet":"max-snippet:-1","max-image-preview":"max-image-preview:large","max-video-preview":"max-video-preview:-1"},"canonical":"https:\/\/comunicaciones.udd.cl\/ceca\/objetivos\/","og_locale":"es_ES","og_type":"article","og_title":"Objetivos - CECA - Facultad de Comunicaciones UDD","og_url":"https:\/\/comunicaciones.udd.cl\/ceca\/objetivos\/","og_site_name":"CECA - Facultad de Comunicaciones UDD","og_image":[{"url":"https:\/\/comunicaciones.udd.cl\/ceca\/files\/2025\/03\/pexels-karolina-grabowska-7320381-1024x683.jpg","type":"","width":"","height":""}],"twitter_card":"summary_large_image","twitter_misc":{"Tiempo de lectura":"1 minuto"},"schema":{"@context":"https:\/\/schema.org","@graph":[{"@type":"WebPage","@id":"https:\/\/comunicaciones.udd.cl\/ceca\/objetivos\/","url":"https:\/\/comunicaciones.udd.cl\/ceca\/objetivos\/","name":"Objetivos - CECA - Facultad de Comunicaciones UDD","isPartOf":{"@id":"https:\/\/comunicaciones.udd.cl\/ceca\/#website"},"primaryImageOfPage":{"@id":"https:\/\/comunicaciones.udd.cl\/ceca\/objetivos\/#primaryimage"},"image":{"@id":"https:\/\/comunicaciones.udd.cl\/ceca\/objetivos\/#primaryimage"},"thumbnailUrl":"https:\/\/comunicaciones.udd.cl\/ceca\/files\/2025\/03\/pexels-karolina-grabowska-7320381-1024x683.jpg","datePublished":"2025-03-12T15:40:27+00:00","breadcrumb":{"@id":"https:\/\/comunicaciones.udd.cl\/ceca\/objetivos\/#breadcrumb"},"inLanguage":"es","potentialAction":[{"@type":"ReadAction","target":["https:\/\/comunicaciones.udd.cl\/ceca\/objetivos\/"]}]},{"@type":"ImageObject","inLanguage":"es","@id":"https:\/\/comunicaciones.udd.cl\/ceca\/objetivos\/#primaryimage","url":"https:\/\/comunicaciones.udd.cl\/ceca\/files\/2025\/03\/pexels-karolina-grabowska-7320381-scaled.jpg","contentUrl":"https:\/\/comunicaciones.udd.cl\/ceca\/files\/2025\/03\/pexels-karolina-grabowska-7320381-scaled.jpg","width":2560,"height":1707},{"@type":"BreadcrumbList","@id":"https:\/\/comunicaciones.udd.cl\/ceca\/objetivos\/#breadcrumb","itemListElement":[{"@type":"ListItem","position":1,"name":"Portada","item":"https:\/\/comunicaciones.udd.cl\/ceca\/"},{"@type":"ListItem","position":2,"name":"Objetivos"}]},{"@type":"WebSite","@id":"https:\/\/comunicaciones.udd.cl\/ceca\/#website","url":"https:\/\/comunicaciones.udd.cl\/ceca\/","name":"CECA - Facultad de Comunicaciones UDD","description":"","inLanguage":"es"}]}},"_links":{"self":[{"href":"https:\/\/comunicaciones.udd.cl\/ceca\/wp-json\/wp\/v2\/pages\/149","targetHints":{"allow":["GET"]}}],"collection":[{"href":"https:\/\/comunicaciones.udd.cl\/ceca\/wp-json\/wp\/v2\/pages"}],"about":[{"href":"https:\/\/comunicaciones.udd.cl\/ceca\/wp-json\/wp\/v2\/types\/page"}],"author":[{"embeddable":true,"href":"https:\/\/comunicaciones.udd.cl\/ceca\/wp-json\/wp\/v2\/users\/9192258"}],"replies":[{"embeddable":true,"href":"https:\/\/comunicaciones.udd.cl\/ceca\/wp-json\/wp\/v2\/comments?post=149"}],"version-history":[{"count":13,"href":"https:\/\/comunicaciones.udd.cl\/ceca\/wp-json\/wp\/v2\/pages\/149\/revisions"}],"predecessor-version":[{"id":163,"href":"https:\/\/comunicaciones.udd.cl\/ceca\/wp-json\/wp\/v2\/pages\/149\/revisions\/163"}],"wp:attachment":[{"href":"https:\/\/comunicaciones.udd.cl\/ceca\/wp-json\/wp\/v2\/media?parent=149"}],"curies":[{"name":"wp","href":"https:\/\/api.w.org\/{rel}","templated":true}]}}