{"id":123,"date":"2025-03-12T11:27:07","date_gmt":"2025-03-12T14:27:07","guid":{"rendered":"https:\/\/comunicaciones.udd.cl\/ceca\/?page_id=123"},"modified":"2025-04-11T11:10:38","modified_gmt":"2025-04-11T15:10:38","slug":"proyectos-adjudicados","status":"publish","type":"page","link":"https:\/\/comunicaciones.udd.cl\/ceca\/proyectos-adjudicados\/","title":{"rendered":"Proyectos adjudicados"},"content":{"rendered":"\n<p><\/p>\n\n\n\n<figure class=\"wp-block-image alignright size-full is-resized\"><img loading=\"lazy\" decoding=\"async\" width=\"800\" height=\"531\" src=\"https:\/\/comunicaciones.udd.cl\/ceca\/files\/2025\/03\/comunicaciones.jpg\" alt=\"\" class=\"wp-image-183\" style=\"width:512px;height:auto\" srcset=\"https:\/\/comunicaciones.udd.cl\/ceca\/files\/2025\/03\/comunicaciones.jpg 800w, https:\/\/comunicaciones.udd.cl\/ceca\/files\/2025\/03\/comunicaciones-300x199.jpg 300w, https:\/\/comunicaciones.udd.cl\/ceca\/files\/2025\/03\/comunicaciones-768x510.jpg 768w\" sizes=\"auto, (max-width: 800px) 100vw, 800px\" \/><\/figure>\n\n\n\n<ul class=\"wp-block-list\">\n<li>Fondecyt de Iniciaci\u00f3n ANID: 11250155 \u00abExposici\u00f3n a discursos de odio hacia la migraci\u00f3n en entornos medi\u00e1ticos digitales: repercusiones en la percepci\u00f3n entre migrantes y no migrantes en Chile\u00bb. Investigadora Dra. Nairbis Sibrian.  <\/li>\n\n\n\n<li>Convocatoria \u00abFondo 55+\u00bb. Iniciativas innovadoras para desarrollar habilidades digitales que impacten a personas con m\u00e1s de 55 a\u00f1os. Propuesta: BujulAPP. Alfabetizaci\u00f3n medi\u00e1tica frente a la desinformaci\u00f3n en personas 55+. facultad de Comunicaciones. ICIM, Facultad de Psicolog\u00eda. Proyecto Fondecyt Dra. Nairbis Sibrian<\/li>\n\n\n\n<li><strong>\u201cAn\u00e1lisis de la desinformaci\u00f3n en las elecciones generales de gobernadores y alcaldes del 27 de octubre 2024\u201d<\/strong> XVI Concurso Fondo de Estudios sobre el Pluralismo en el Sistema Informativo Nacional convocatoria 2024 (ANID- SEGEGOB). Investigadora asociada Ma. Jos\u00e9 Labrador.<\/li>\n\n\n\n<li><strong>\u00abGarant\u00edas institucionales y regulatorias. Autoridades electorales y de supervisi\u00f3n digital ante interferencias, narrativas hostiles, publicidad segmentada y polarizaci\u00f3n\u00bb<\/strong> 2023-2026. PID 2022-137245OB-100 Ministerio de Ciencia e Innovaci\u00f3n de Espa\u00f1a y Facultad de Ciencias de la Informaci\u00f3n de la Universidad Complutense de Madrid.2023-2026.&nbsp; Investigadora Asociada Mar\u00eda Jos\u00e9 Labrador Grupo Chile.<\/li>\n\n\n\n<li><strong>Usos sem\u00e1nticos de identidad digital y privacidad en los \u00e1mbitos jur\u00eddicos, inform\u00e1ticos y comunicacionales<\/strong>. Una contrastaci\u00f3n en el contexto de la sociedad tecnol\u00f3gica. Proyecto interdisciplinario de investigaci\u00f3n 2024 -2026, Facultad de Comunicaciones y Observatorio de Bio\u00e9tica y Derecho (ICIM). Investigadora Facultad de Comunicaciones Mar\u00eda Jos\u00e9 Labrador.<\/li>\n\n\n\n<li><strong>Validaci\u00f3n de instrumento de actitud hacia la comunicaci\u00f3n no violenta para establecimientos de educaci\u00f3n Media T\u00e9cnico Profesional.<\/strong> (Regi\u00f3n Metropolitana- Chile) adjudicado con el Centro de Investigaci\u00f3n de Liderazgo Educativo CILED 2023-2025. Investigadoras Ma. Jos\u00e9 Labrador &#8211; Ma. Cristina Silva y Dangelo Luna (Facultad de Educaci\u00f3n).<\/li>\n\n\n\n<li><strong>An\u00e1lisis de las actitudes, estereotipos, intereses y percepciones que tienen las periodistas- acad\u00e9micas de las escuelas de periodismo de Chile, con respecto a las Competencias Medi\u00e1ticas Aumentadas y la utilizaci\u00f3n de TICs dentro y fuera de entornos acad\u00e9micos (Centro de Innovaci\u00f3n docente)<\/strong>.2024-2025 Investigadoras Claudia Reyes y Paulina Maureira.<\/li>\n\n\n\n<li><strong>\u201cPeriodistas literarias chilenas y sus escritos en prensa: Trayectorias, saberes y oficio en peri\u00f3dicos y revistas nacionales durante la primera mitad del siglo XX\u201d.<\/strong> Proyecto adjudicado 2024-2028, Ministerio de Ciencia, Innovaci\u00f3n y Universidades de Espa\u00f1a. PID Proyecto I+D Generaci\u00f3n de Conocimiento 2023-150409NB-100.Investigadora Asociada Karim G\u00e1lvez.<\/li>\n\n\n\n<li><strong>Autopercepci\u00f3n de competencias medi\u00e1ticas en profesores de periodismo en universidades chilenas (Centro de Innovaci\u00f3n Docente).<\/strong> 2023 Investigadora Nairbis Sibrian.<\/li>\n\n\n\n<li><strong>Construcci\u00f3n y validaci\u00f3n de instrumento de medici\u00f3n de las competencias medi\u00e1ticas y digitales del profesorado de la carrera de Periodismo de la UDD (Centro de Innovaci\u00f3n docente). <\/strong>2021-2022 Investigadora Nairbis Sibrian.<\/li>\n<\/ul>\n","protected":false},"excerpt":{"rendered":"","protected":false},"author":9192258,"featured_media":0,"parent":0,"menu_order":0,"comment_status":"closed","ping_status":"closed","template":"","meta":{"footnotes":""},"class_list":["post-123","page","type-page","status-publish","hentry"],"yoast_head":"<!-- This site is optimized with the Yoast SEO plugin v26.9 - https:\/\/yoast.com\/product\/yoast-seo-wordpress\/ -->\n<title>Proyectos adjudicados - CECA - Facultad de Comunicaciones UDD<\/title>\n<meta name=\"robots\" content=\"index, follow, max-snippet:-1, max-image-preview:large, max-video-preview:-1\" \/>\n<link rel=\"canonical\" href=\"https:\/\/comunicaciones.udd.cl\/ceca\/proyectos-adjudicados\/\" \/>\n<meta property=\"og:locale\" content=\"es_ES\" \/>\n<meta property=\"og:type\" content=\"article\" \/>\n<meta property=\"og:title\" content=\"Proyectos adjudicados - CECA - Facultad de Comunicaciones UDD\" \/>\n<meta property=\"og:url\" content=\"https:\/\/comunicaciones.udd.cl\/ceca\/proyectos-adjudicados\/\" \/>\n<meta property=\"og:site_name\" content=\"CECA - Facultad de Comunicaciones UDD\" \/>\n<meta property=\"article:modified_time\" content=\"2025-04-11T15:10:38+00:00\" \/>\n<meta property=\"og:image\" content=\"https:\/\/comunicaciones.udd.cl\/ceca\/files\/2025\/03\/comunicaciones.jpg\" \/>\n<meta name=\"twitter:card\" content=\"summary_large_image\" \/>\n<meta name=\"twitter:label1\" content=\"Tiempo de lectura\" \/>\n\t<meta name=\"twitter:data1\" content=\"3 minutos\" \/>\n<script type=\"application\/ld+json\" class=\"yoast-schema-graph\">{\"@context\":\"https:\/\/schema.org\",\"@graph\":[{\"@type\":\"WebPage\",\"@id\":\"https:\/\/comunicaciones.udd.cl\/ceca\/proyectos-adjudicados\/\",\"url\":\"https:\/\/comunicaciones.udd.cl\/ceca\/proyectos-adjudicados\/\",\"name\":\"Proyectos adjudicados - CECA - Facultad de Comunicaciones UDD\",\"isPartOf\":{\"@id\":\"https:\/\/comunicaciones.udd.cl\/ceca\/#website\"},\"primaryImageOfPage\":{\"@id\":\"https:\/\/comunicaciones.udd.cl\/ceca\/proyectos-adjudicados\/#primaryimage\"},\"image\":{\"@id\":\"https:\/\/comunicaciones.udd.cl\/ceca\/proyectos-adjudicados\/#primaryimage\"},\"thumbnailUrl\":\"https:\/\/comunicaciones.udd.cl\/ceca\/files\/2025\/03\/comunicaciones.jpg\",\"datePublished\":\"2025-03-12T14:27:07+00:00\",\"dateModified\":\"2025-04-11T15:10:38+00:00\",\"breadcrumb\":{\"@id\":\"https:\/\/comunicaciones.udd.cl\/ceca\/proyectos-adjudicados\/#breadcrumb\"},\"inLanguage\":\"es\",\"potentialAction\":[{\"@type\":\"ReadAction\",\"target\":[\"https:\/\/comunicaciones.udd.cl\/ceca\/proyectos-adjudicados\/\"]}]},{\"@type\":\"ImageObject\",\"inLanguage\":\"es\",\"@id\":\"https:\/\/comunicaciones.udd.cl\/ceca\/proyectos-adjudicados\/#primaryimage\",\"url\":\"https:\/\/comunicaciones.udd.cl\/ceca\/files\/2025\/03\/comunicaciones.jpg\",\"contentUrl\":\"https:\/\/comunicaciones.udd.cl\/ceca\/files\/2025\/03\/comunicaciones.jpg\",\"width\":800,\"height\":531},{\"@type\":\"BreadcrumbList\",\"@id\":\"https:\/\/comunicaciones.udd.cl\/ceca\/proyectos-adjudicados\/#breadcrumb\",\"itemListElement\":[{\"@type\":\"ListItem\",\"position\":1,\"name\":\"Portada\",\"item\":\"https:\/\/comunicaciones.udd.cl\/ceca\/\"},{\"@type\":\"ListItem\",\"position\":2,\"name\":\"Proyectos adjudicados\"}]},{\"@type\":\"WebSite\",\"@id\":\"https:\/\/comunicaciones.udd.cl\/ceca\/#website\",\"url\":\"https:\/\/comunicaciones.udd.cl\/ceca\/\",\"name\":\"CECA - Facultad de Comunicaciones UDD\",\"description\":\"\",\"inLanguage\":\"es\"}]}<\/script>\n<!-- \/ Yoast SEO plugin. -->","yoast_head_json":{"title":"Proyectos adjudicados - CECA - Facultad de Comunicaciones UDD","robots":{"index":"index","follow":"follow","max-snippet":"max-snippet:-1","max-image-preview":"max-image-preview:large","max-video-preview":"max-video-preview:-1"},"canonical":"https:\/\/comunicaciones.udd.cl\/ceca\/proyectos-adjudicados\/","og_locale":"es_ES","og_type":"article","og_title":"Proyectos adjudicados - CECA - Facultad de Comunicaciones UDD","og_url":"https:\/\/comunicaciones.udd.cl\/ceca\/proyectos-adjudicados\/","og_site_name":"CECA - Facultad de Comunicaciones UDD","article_modified_time":"2025-04-11T15:10:38+00:00","og_image":[{"url":"https:\/\/comunicaciones.udd.cl\/ceca\/files\/2025\/03\/comunicaciones.jpg","type":"","width":"","height":""}],"twitter_card":"summary_large_image","twitter_misc":{"Tiempo de lectura":"3 minutos"},"schema":{"@context":"https:\/\/schema.org","@graph":[{"@type":"WebPage","@id":"https:\/\/comunicaciones.udd.cl\/ceca\/proyectos-adjudicados\/","url":"https:\/\/comunicaciones.udd.cl\/ceca\/proyectos-adjudicados\/","name":"Proyectos adjudicados - CECA - Facultad de Comunicaciones UDD","isPartOf":{"@id":"https:\/\/comunicaciones.udd.cl\/ceca\/#website"},"primaryImageOfPage":{"@id":"https:\/\/comunicaciones.udd.cl\/ceca\/proyectos-adjudicados\/#primaryimage"},"image":{"@id":"https:\/\/comunicaciones.udd.cl\/ceca\/proyectos-adjudicados\/#primaryimage"},"thumbnailUrl":"https:\/\/comunicaciones.udd.cl\/ceca\/files\/2025\/03\/comunicaciones.jpg","datePublished":"2025-03-12T14:27:07+00:00","dateModified":"2025-04-11T15:10:38+00:00","breadcrumb":{"@id":"https:\/\/comunicaciones.udd.cl\/ceca\/proyectos-adjudicados\/#breadcrumb"},"inLanguage":"es","potentialAction":[{"@type":"ReadAction","target":["https:\/\/comunicaciones.udd.cl\/ceca\/proyectos-adjudicados\/"]}]},{"@type":"ImageObject","inLanguage":"es","@id":"https:\/\/comunicaciones.udd.cl\/ceca\/proyectos-adjudicados\/#primaryimage","url":"https:\/\/comunicaciones.udd.cl\/ceca\/files\/2025\/03\/comunicaciones.jpg","contentUrl":"https:\/\/comunicaciones.udd.cl\/ceca\/files\/2025\/03\/comunicaciones.jpg","width":800,"height":531},{"@type":"BreadcrumbList","@id":"https:\/\/comunicaciones.udd.cl\/ceca\/proyectos-adjudicados\/#breadcrumb","itemListElement":[{"@type":"ListItem","position":1,"name":"Portada","item":"https:\/\/comunicaciones.udd.cl\/ceca\/"},{"@type":"ListItem","position":2,"name":"Proyectos adjudicados"}]},{"@type":"WebSite","@id":"https:\/\/comunicaciones.udd.cl\/ceca\/#website","url":"https:\/\/comunicaciones.udd.cl\/ceca\/","name":"CECA - Facultad de Comunicaciones UDD","description":"","inLanguage":"es"}]}},"_links":{"self":[{"href":"https:\/\/comunicaciones.udd.cl\/ceca\/wp-json\/wp\/v2\/pages\/123","targetHints":{"allow":["GET"]}}],"collection":[{"href":"https:\/\/comunicaciones.udd.cl\/ceca\/wp-json\/wp\/v2\/pages"}],"about":[{"href":"https:\/\/comunicaciones.udd.cl\/ceca\/wp-json\/wp\/v2\/types\/page"}],"author":[{"embeddable":true,"href":"https:\/\/comunicaciones.udd.cl\/ceca\/wp-json\/wp\/v2\/users\/9192258"}],"replies":[{"embeddable":true,"href":"https:\/\/comunicaciones.udd.cl\/ceca\/wp-json\/wp\/v2\/comments?post=123"}],"version-history":[{"count":13,"href":"https:\/\/comunicaciones.udd.cl\/ceca\/wp-json\/wp\/v2\/pages\/123\/revisions"}],"predecessor-version":[{"id":332,"href":"https:\/\/comunicaciones.udd.cl\/ceca\/wp-json\/wp\/v2\/pages\/123\/revisions\/332"}],"wp:attachment":[{"href":"https:\/\/comunicaciones.udd.cl\/ceca\/wp-json\/wp\/v2\/media?parent=123"}],"curies":[{"name":"wp","href":"https:\/\/api.w.org\/{rel}","templated":true}]}}